{"id":98,"date":"2014-11-10T13:21:12","date_gmt":"2014-11-10T13:21:12","guid":{"rendered":"https:\/\/www.nfpsa.lv\/?page_id=98"},"modified":"2025-07-30T13:40:12","modified_gmt":"2025-07-30T13:40:12","slug":"biedrs-3","status":"publish","type":"page","link":"https:\/\/nfpsa.lv\/?page_id=98","title":{"rendered":"Money Express AS"},"content":{"rendered":"<p>[et_pb_section fb_built=&#8221;1&#8243; _builder_version=&#8221;3.22&#8243; global_colors_info=&#8221;{}&#8221;][et_pb_row _builder_version=&#8221;3.25&#8243; background_size=&#8221;initial&#8221; background_position=&#8221;top_left&#8221; background_repeat=&#8221;repeat&#8221; global_colors_info=&#8221;{}&#8221;][et_pb_column type=&#8221;4_4&#8243; _builder_version=&#8221;3.25&#8243; custom_padding=&#8221;|||&#8221; global_colors_info=&#8221;{}&#8221; custom_padding__hover=&#8221;|||&#8221;][\/et_pb_column][\/et_pb_row][et_pb_row column_structure=&#8221;1_2,1_2&#8243; _builder_version=&#8221;3.25&#8243; background_size=&#8221;initial&#8221; background_position=&#8221;top_left&#8221; background_repeat=&#8221;repeat&#8221; global_colors_info=&#8221;{}&#8221;][et_pb_column type=&#8221;1_2&#8243; _builder_version=&#8221;3.25&#8243; custom_padding=&#8221;|||&#8221; global_colors_info=&#8221;{}&#8221; custom_padding__hover=&#8221;|||&#8221;][et_pb_text admin_label=&#8221;Text&#8221; _builder_version=&#8221;3.27.4&#8243; background_size=&#8221;initial&#8221; background_position=&#8221;top_left&#8221; background_repeat=&#8221;repeat&#8221; global_colors_info=&#8221;{}&#8221;]<\/p>\n<p><strong><a href=\"https:\/\/www.nfpsa.lv\/wp-content\/uploads\/2014\/11\/MElogo.png\" data-rel=\"lightbox-image-0\" data-rl_title=\"\" data-rl_caption=\"\" title=\"\"><img loading=\"lazy\" class=\"alignleft size-medium wp-image-168\" src=\"https:\/\/www.nfpsa.lv\/wp-content\/uploads\/2014\/11\/MElogo-300x34.png\" alt=\"MElogo\" width=\"300\" height=\"34\" srcset=\"https:\/\/cdn.nfpsa.lv\/wp-content\/uploads\/2014\/11\/24124209\/MElogo-300x34.png 300w, https:\/\/cdn.nfpsa.lv\/wp-content\/uploads\/2014\/11\/24124209\/MElogo.png 661w\" sizes=\"(max-width: 300px) 100vw, 300px\" \/><\/a><\/strong><\/p>\n<p>&nbsp;<\/p>\n<p>&nbsp;<\/p>\n<p><strong>Nosaukums:<\/strong>\u00a0<strong>MONEY EXPRESS AS<\/strong><\/p>\n<p><strong>Re\u0123.nr.:<\/strong> 40103317582<\/p>\n<p><strong>Juridisk\u0101 adrese:<\/strong> L\u0101\u010dpl\u0113\u0161a iela 88, R\u012bga, LV-1003<\/p>\n<p><strong>Dibin\u0101\u0161anas gads:<\/strong> 2010. gada 30. august\u0101 UR Komercre\u0123istr\u0101<\/p>\n<p><strong>Uz\u0146\u0113muma apraksts:<\/strong><\/p>\n<p>AS Money Express ir Latvij\u0101 re\u0123istr\u0113ts finan\u0161u pakalpojumu sniedz\u0113js ar Latvijas Bankas izsniegtu licenci val\u016btas mai\u0146as dar\u012bjumu veik\u0161anai. Uz\u0146\u0113mumam ir asto\u0146as fili\u0101les R\u012bg\u0101, kur tiek sniegti pakalpojumi gan priv\u0101tperson\u0101m, gan juridisk\u0101m person\u0101m.<\/p>\n<p>Uz\u0146\u0113mums ar\u012b darbojas k\u0101 licenc\u0113tu maks\u0101jumu pakalpojumu sniedz\u0113ju a\u0123ents, sniedzot naudas p\u0101rvedumu pakalpojumus bez maks\u0101jumu konta atv\u0113r\u0161anas, tostarp k\u0101 Lietuvas elektronisk\u0101s naudas iest\u0101des Paysera LT, UAB a\u0123ents, sniedzot skaidras naudas apkalpo\u0161anas pakalpojumus t\u0101s klientiem.<\/p>\n<p>Savu darb\u012bbu uz\u0146\u0113mums balsta uz atbild\u012bgas finan\u0161u prakses principiem, iev\u0113rojot caursp\u012bd\u012bgumu, tiesisko atbilst\u012bbu un klientu uztic\u012bbas saglab\u0101\u0161anu.<\/p>\n<p><strong>\u00a0<\/strong><\/p>\n<p><strong>Kontakti:<\/strong><\/p>\n<p>T\u0101lr.: +371 80 80 80 80<\/p>\n<p>E-pasts: info@moneyexpress.lv<\/p>\n<p><a href=\"http:\/\/www.moneyexpress.lv\">https:\/\/moneyexpress.lv<\/a><\/p>\n<p>[\/et_pb_text][\/et_pb_column][et_pb_column type=&#8221;1_2&#8243; _builder_version=&#8221;3.25&#8243; custom_padding=&#8221;|||&#8221; global_colors_info=&#8221;{}&#8221; custom_padding__hover=&#8221;|||&#8221;][et_pb_cta title=&#8221;MONEY EXPRESS AS m\u0101jaslapa&#8221; button_url=&#8221;http:\/\/www.moneyexpress.lv&#8221; button_text=&#8221;Turpin\u0101t&#8221; admin_label=&#8221;Call To Action&#8221; _builder_version=&#8221;4.14.7&#8243; background_color=&#8221;#dd6a6a&#8221; background_size=&#8221;initial&#8221; background_position=&#8221;top_left&#8221; background_repeat=&#8221;repeat&#8221; global_colors_info=&#8221;{}&#8221; button_text_size__hover_enabled=&#8221;off&#8221; button_one_text_size__hover_enabled=&#8221;off&#8221; button_two_text_size__hover_enabled=&#8221;off&#8221; button_text_color__hover_enabled=&#8221;off&#8221; button_one_text_color__hover_enabled=&#8221;off&#8221; button_two_text_color__hover_enabled=&#8221;off&#8221; button_border_width__hover_enabled=&#8221;off&#8221; button_one_border_width__hover_enabled=&#8221;off&#8221; button_two_border_width__hover_enabled=&#8221;off&#8221; button_border_color__hover_enabled=&#8221;off&#8221; button_one_border_color__hover_enabled=&#8221;off&#8221; button_two_border_color__hover_enabled=&#8221;off&#8221; button_border_radius__hover_enabled=&#8221;off&#8221; button_one_border_radius__hover_enabled=&#8221;off&#8221; button_two_border_radius__hover_enabled=&#8221;off&#8221; button_letter_spacing__hover_enabled=&#8221;off&#8221; button_one_letter_spacing__hover_enabled=&#8221;off&#8221; button_two_letter_spacing__hover_enabled=&#8221;off&#8221; button_bg_color__hover_enabled=&#8221;off&#8221; button_one_bg_color__hover_enabled=&#8221;off&#8221; button_two_bg_color__hover_enabled=&#8221;off&#8221;][\/et_pb_cta][\/et_pb_column][\/et_pb_row][\/et_pb_section]<\/p>\n","protected":false},"excerpt":{"rendered":"<p>&nbsp; &nbsp; Nosaukums:\u00a0MONEY EXPRESS AS Re\u0123.nr.: 40103317582 Juridisk\u0101 adrese: L\u0101\u010dpl\u0113\u0161a iela 88, R\u012bga, LV-1003 Dibin\u0101\u0161anas gads: 2010. gada 30. august\u0101 UR Komercre\u0123istr\u0101 Uz\u0146\u0113muma apraksts: AS Money Express ir Latvij\u0101 re\u0123istr\u0113ts finan\u0161u pakalpojumu sniedz\u0113js ar Latvijas Bankas izsniegtu licenci val\u016btas mai\u0146as dar\u012bjumu veik\u0161anai. Uz\u0146\u0113mumam ir asto\u0146as fili\u0101les R\u012bg\u0101, kur tiek sniegti pakalpojumi gan priv\u0101tperson\u0101m, gan juridisk\u0101m [&hellip;]<\/p>\n","protected":false},"author":1,"featured_media":0,"parent":92,"menu_order":0,"comment_status":"closed","ping_status":"open","template":"","meta":{"_et_pb_use_builder":"on","_et_pb_old_content":"<p><strong><a href=\"https:\/\/www.nfpsa.lv\/wp-content\/uploads\/2014\/11\/MElogo.png\"><img class=\"alignleft size-medium wp-image-168\" src=\"https:\/\/www.nfpsa.lv\/wp-content\/uploads\/2014\/11\/MElogo-300x34.png\" alt=\"MElogo\" width=\"300\" height=\"34\" \/><\/a><\/strong><\/p><p>\u00a0<\/p><p>\u00a0<\/p><p><strong>Nosaukums:<\/strong>\u00a0<strong>MONEY EXPRESS SIA<\/strong><\/p><p><strong>Re\u0123.nr.:<\/strong> 40103317582<\/p><p><strong>Juridisk\u0101 adrese:<\/strong> L\u0101\u010dpl\u0113\u0161a iela 88, R\u012bga, LV-1003<\/p><p><strong>Dibin\u0101\u0161anas gads:<\/strong> 2010. gada 30. august\u0101 UR Komercre\u0123istr\u0101<\/p><p><strong>Uz\u0146\u0113muma apraksts:<\/strong>\u00a0 MONEY EXPRESS ir z\u012bmols, kur\u0161 apvieno \u00a0septi\u0146us finan\u0161u pakalpojumu uz\u0146\u0113mumus Latvij\u0101 un Igaunij\u0101. MONEY EXPRESS SIA ir MoneyGram un BTA apdro\u0161in\u0101\u0161anas komp\u0101nijas re\u0123istr\u0113ts a\u0123ents. MONEY EXPRESS \u00a0grupa nodro\u0161ina finan\u0161u pakalpojumus \u00a0devi\u0146\u0101s klientu apkalpo\u0161anas viet\u0101s\u00a0R\u012bg\u0101 un Tallin\u0101.<\/p><p>MONEY EXPRESS SIA saist\u012btie uz\u0146\u0113mumi un partneri:<\/p><p>-MONEY EXPRESS EXCHANGE SIA \u00a0sniedz skaidras un bezskaidras naudas val\u016btas mai\u0146as pakalpojumus, maks\u0101jumu pie\u0146em\u0161anu un citus finan\u0161u pakalpojumus.<\/p><p>-MONEY EXPRESS CREDIT SIA \u00a0un MONEY EXPRESS CREDIT OU sniedz Latvijas un Igaunijas iedz\u012bvot\u0101jiem nebanku kredit\u0113\u0161anas un autol\u012bzinga pakalpojumus.<\/p><p>-MONEY EXPRESS BROKERIS SIA ir liel\u0101ko Latvijas apdro\u0161in\u0101\u0161anas komp\u0101niju brokeris.<\/p><p><strong>\u00a0<\/strong><\/p><p><strong>Kontakti:<\/strong><\/p><p>T\u0101lr.: +371 66900300<\/p><p>Epasts: info@moneyexpress.lv<\/p><p><a href=\"http:\/\/www.moneyexpress.lv\">www.moneyexpress.lv<\/a><\/p><p>www.maini.lv<\/p>","_et_gb_content_width":""},"_links":{"self":[{"href":"https:\/\/nfpsa.lv\/index.php?rest_route=\/wp\/v2\/pages\/98"}],"collection":[{"href":"https:\/\/nfpsa.lv\/index.php?rest_route=\/wp\/v2\/pages"}],"about":[{"href":"https:\/\/nfpsa.lv\/index.php?rest_route=\/wp\/v2\/types\/page"}],"author":[{"embeddable":true,"href":"https:\/\/nfpsa.lv\/index.php?rest_route=\/wp\/v2\/users\/1"}],"replies":[{"embeddable":true,"href":"https:\/\/nfpsa.lv\/index.php?rest_route=%2Fwp%2Fv2%2Fcomments&post=98"}],"version-history":[{"count":11,"href":"https:\/\/nfpsa.lv\/index.php?rest_route=\/wp\/v2\/pages\/98\/revisions"}],"predecessor-version":[{"id":345,"href":"https:\/\/nfpsa.lv\/index.php?rest_route=\/wp\/v2\/pages\/98\/revisions\/345"}],"up":[{"embeddable":true,"href":"https:\/\/nfpsa.lv\/index.php?rest_route=\/wp\/v2\/pages\/92"}],"wp:attachment":[{"href":"https:\/\/nfpsa.lv\/index.php?rest_route=%2Fwp%2Fv2%2Fmedia&parent=98"}],"curies":[{"name":"wp","href":"https:\/\/api.w.org\/{rel}","templated":true}]}}