{"id":94,"date":"2014-11-10T13:19:38","date_gmt":"2014-11-10T13:19:38","guid":{"rendered":"https:\/\/www.nfpsa.lv\/?page_id=94"},"modified":"2015-01-12T13:55:05","modified_gmt":"2015-01-12T13:55:05","slug":"biedrs-1","status":"publish","type":"page","link":"https:\/\/nfpsa.lv\/?page_id=94","title":{"rendered":"Eurex Capital SIA"},"content":{"rendered":"<p>[et_pb_section][et_pb_row][et_pb_column type=&#8221;1_2&#8243;][et_pb_text admin_label=&#8221;Text&#8221; background_layout=&#8221;light&#8221; text_orientation=&#8221;left&#8221;]<\/p>\n<p><a href=\"https:\/\/www.nfpsa.lv\/wp-content\/uploads\/2014\/11\/eurex.png\" data-rel=\"lightbox-image-0\" data-rl_title=\"\" data-rl_caption=\"\" title=\"\"><img loading=\"lazy\" class=\"alignleft size-full wp-image-141\" src=\"https:\/\/www.nfpsa.lv\/wp-content\/uploads\/2014\/11\/eurex.png\" alt=\"eurex\" width=\"200\" height=\"74\" \/><\/a><\/p>\n<p>&nbsp;<\/p>\n<p>&nbsp;<\/p>\n<p>&nbsp;<\/p>\n<p>&nbsp;<\/p>\n<p><strong>Nosaukums:<\/strong>\u00a0<strong>EUREX CAPITAL SIA<\/strong><\/p>\n<p><strong>Re\u0123.nr.:<\/strong> 40003798275<\/p>\n<p><strong>Juridisk\u0101 adrese:<\/strong> Ieri\u0137u iela 3, R\u012bga, LV-1084<\/p>\n<p><strong>Dibin\u0101\u0161anas gads:<\/strong> 2006. gad\u0101 tika dibin\u0101ta\u00a0Latvijas p\u0101rst\u0101vniec\u012bba<\/p>\n<p><strong>Uz\u0146\u0113muma apraksts:<\/strong> \u00a0 Eurex Capital ir finansu starpniec\u012bbas grupa, kas uzs\u0101ka darb\u012bbu 1999. gad\u0101 Igaunij\u0101. S\u0101kot ar 2006. gadu Eurex darbojas ar\u012b Latvijas finan\u0161u pakalpojumu tirg\u016b. \u00a0Eurex Capital nodro\u0161ina val\u016btas mai\u0146as pakalpojumus, bankno\u0161u un mon\u0113tu mai\u0146u, ka ar\u012b Tax Free atmaksas pakalpojumus R\u012bgas Starptautiskaj\u0101 lidost\u0101. Eurex ir piecas fili\u0101les R\u012bg\u0101: t\/c DOMINA, t\/c Sky&amp;More, t\/c Olimpia un divi val\u016btas mai\u0146as punkti R\u012bgas Starptautiskaj\u0101 lidost\u0101.<\/p>\n<p><strong>Kontakti:<\/strong><\/p>\n<p>T\u0101lr.: +371 67631163, + 371 2000 1131<\/p>\n<p>E-pasts: domina@eurex.lv<\/p>\n<p><a href=\"http:\/\/www.eurex.lv\">www.eurex.lv<\/a>, <a href=\"http:\/\/www.valutas.lv\">www.valutas.lv<\/a><\/p>\n<p>[\/et_pb_text][\/et_pb_column][et_pb_column type=&#8221;1_2&#8243;][et_pb_cta admin_label=&#8221;Call To Action&#8221; title=&#8221;Eurex Capital m\u0101jaslapa&#8221; button_url=&#8221;www.eurex.lv&#8221; use_background_color=&#8221;on&#8221; background_color=&#8221;#dd6a6a&#8221; background_layout=&#8221;dark&#8221; text_orientation=&#8221;center&#8221; button_text=&#8221;Turpin\u0101t&#8221; \/][\/et_pb_column][\/et_pb_row][\/et_pb_section]<\/p>\n","protected":false},"excerpt":{"rendered":"<p><div class=\"et_pb_section et_pb_section_0 et_section_regular\" >\n\t\t\t\t\n\t\t\t\t\n\t\t\t\t\n\t\t\t\t\n\t\t\t\t\t\n\t\t\t\t\n\t\t\t\t\n\t\t\t<\/div><div class=\"et_pb_row et_pb_row_0 et_pb_row_empty\">\n\t\t\t\t\n\t\t\t\t\n\t\t\t\t\n\t\t\t<\/div> &nbsp; &nbsp; &nbsp; &nbsp; Nosaukums:\u00a0EUREX CAPITAL SIA Re\u0123.nr.: 40003798275 Juridisk\u0101 adrese: Ieri\u0137u iela 3, R\u012bga, LV-1084 Dibin\u0101\u0161anas gads: 2006. gad\u0101 tika dibin\u0101ta\u00a0Latvijas p\u0101rst\u0101vniec\u012bba Uz\u0146\u0113muma apraksts: \u00a0 Eurex Capital ir finansu starpniec\u012bbas grupa, kas uzs\u0101ka darb\u012bbu 1999. gad\u0101 Igaunij\u0101. S\u0101kot ar 2006. gadu Eurex darbojas ar\u012b Latvijas finan\u0161u pakalpojumu tirg\u016b. \u00a0Eurex Capital nodro\u0161ina val\u016btas mai\u0146as [&hellip;]<\/p>\n","protected":false},"author":1,"featured_media":0,"parent":92,"menu_order":0,"comment_status":"closed","ping_status":"open","template":"","meta":{"_et_pb_use_builder":"on","_et_pb_old_content":"<p>Biedra 1 apraksts<\/p>","_et_gb_content_width":""},"_links":{"self":[{"href":"https:\/\/nfpsa.lv\/index.php?rest_route=\/wp\/v2\/pages\/94"}],"collection":[{"href":"https:\/\/nfpsa.lv\/index.php?rest_route=\/wp\/v2\/pages"}],"about":[{"href":"https:\/\/nfpsa.lv\/index.php?rest_route=\/wp\/v2\/types\/page"}],"author":[{"embeddable":true,"href":"https:\/\/nfpsa.lv\/index.php?rest_route=\/wp\/v2\/users\/1"}],"replies":[{"embeddable":true,"href":"https:\/\/nfpsa.lv\/index.php?rest_route=%2Fwp%2Fv2%2Fcomments&post=94"}],"version-history":[{"count":8,"href":"https:\/\/nfpsa.lv\/index.php?rest_route=\/wp\/v2\/pages\/94\/revisions"}],"predecessor-version":[{"id":237,"href":"https:\/\/nfpsa.lv\/index.php?rest_route=\/wp\/v2\/pages\/94\/revisions\/237"}],"up":[{"embeddable":true,"href":"https:\/\/nfpsa.lv\/index.php?rest_route=\/wp\/v2\/pages\/92"}],"wp:attachment":[{"href":"https:\/\/nfpsa.lv\/index.php?rest_route=%2Fwp%2Fv2%2Fmedia&parent=94"}],"curies":[{"name":"wp","href":"https:\/\/api.w.org\/{rel}","templated":true}]}}