{"id":90,"date":"2014-11-10T13:17:27","date_gmt":"2014-11-10T13:17:27","guid":{"rendered":"https:\/\/www.nfpsa.lv\/?page_id=90"},"modified":"2014-11-12T07:40:24","modified_gmt":"2014-11-12T07:40:24","slug":"statuti","status":"publish","type":"page","link":"https:\/\/nfpsa.lv\/?page_id=90","title":{"rendered":"Stat\u016bti"},"content":{"rendered":"<p style=\"text-align: center;\"><strong>Biedr\u012bbas <\/strong><strong>Nebanku Finan\u0161u Pakalpojumu Sniedz\u0113ju Asoci\u0101cija<\/strong><\/p>\n<p style=\"text-align: center;\"><strong>STAT\u016aTI<\/strong><\/p>\n<ol>\n<li><strong> Biedr\u012bbas nosaukums<\/strong><\/li>\n<\/ol>\n<ul>\n<li>Biedr\u012bbas nosaukums ir <strong>Nebanku Finan\u0161u Pakalpojumu Sniedz\u0113ju Asoci\u0101cija<\/strong> (turpm\u0101k &#8211; Biedr\u012bba).<\/li>\n<li>Biedr\u012bbas nosaukuma sa\u012bsin\u0101jums ir \u201eNFPSA\u201d.<\/li>\n<\/ul>\n<ol start=\"2\">\n<li><strong> Biedr\u012bbas m\u0113r\u0137i<\/strong><\/li>\n<\/ol>\n<p>2.1.\u00a0 Biedr\u012bbas m\u0113r\u0137i ir:<\/p>\n<p>2.1.1. Veicin\u0101t sekm\u012bgu val\u016btas mai\u0146as un citu nebanku finan\u0161u pakalpojumu tirgus att\u012bst\u012bbu Latvij\u0101;<\/p>\n<p>2.1.2. Sekm\u0113t Latvijas val\u016btas mai\u0146as un citu nebanku finan\u0161u pakalpojumu tirg\u016b eso\u0161o probl\u0113mu m\u0113r\u0137tiec\u012bgu risin\u0101\u0161anu un taisn\u012bgas konkurences nodro\u0161in\u0101\u0161anu;<\/p>\n<p>2.1.3. Sadarboties ar atbild\u012bgaj\u0101m valsts instit\u016bcij\u0101m un rosin\u0101t izmai\u0146as nozari ietekm\u0113jo\u0161aj\u0101 normat\u012bvaj\u0101 regul\u0113jum\u0101, kas veicina nebanku finan\u0161u pakalpojumu tirgus sekm\u012bgu att\u012bst\u012bbu valst\u012b;<\/p>\n<p>2.1.4. P\u0101rst\u0101v\u0113t Biedr\u012bbas biedrus Latvijas un, ja nepiecie\u0161ams, ar\u012b starptautiskaj\u0101s organiz\u0101cij\u0101s, kuras risina Biedr\u012bbas biedriem aktu\u0101lus jaut\u0101jumus;<\/p>\n<p>2.1.5. Veikt ar Biedr\u012bbas interes\u0113m saist\u012bto jaut\u0101jumu virz\u012b\u0161anu atbilsto\u0161aj\u0101s valsts un nevalstiskaj\u0101s organiz\u0101cij\u0101s;<\/p>\n<p>2.1.6. Biedr\u012bbas biedru kop\u0113jo projektu gatavo\u0161ana un \u012bsteno\u0161ana, lab\u0101k\u0101s prakses populariz\u0113\u0161ana un jaunu iniciat\u012bvu ievie\u0161ana;<\/p>\n<p>2.1.7. Veicin\u0101t lab\u0101k\u0101s prakses \u012bsteno\u0161anu Noziedz\u012bgi ieg\u016btu l\u012bdzek\u013cu legaliz\u0101cijas un terorisma finans\u0113\u0161anas nov\u0113r\u0161anas likuma pras\u012bbu izpild\u0113, k\u0101 ar\u012b pilnveidot Biedr\u012bbas biedru zin\u0101\u0161anas par likuma pras\u012bb\u0101m un to praktisko pielietojumu. Sadarboties ar<\/p>\n<p>Latvijas un \u0101rvalstu valsts iest\u0101d\u0113m un finan\u0161u instit\u016bcij\u0101m likuma pras\u012bbu iev\u0113ro\u0161anas un pilnveides jaut\u0101jumos.<\/p>\n<ol start=\"3\">\n<li><strong> Biedr\u012bbas darb\u012bbas termi\u0146\u0161<\/strong><\/li>\n<\/ol>\n<p>3.1. Biedr\u012bba ir nodibin\u0101ta uz nenoteiktu laiku.<\/p>\n<ol start=\"4\">\n<li><strong> Biedru iest\u0101\u0161an\u0101s, izst\u0101\u0161an\u0101s un izsl\u0113g\u0161ana no Biedr\u012bbas<\/strong><\/li>\n<\/ol>\n<p>4.1. Biedr\u012bb\u0101 var iest\u0101ties jebkura r\u012bc\u012bbsp\u0113j\u012bga juridiska persona vai ties\u012bbsp\u0113j\u012bga person\u0101lsabiedr\u012bba, iesniedzot noteiktas formas rakstisku pieteikumu. Pieteikuma formu un tam kl\u0101t pievienojamo dokumentu sarakstu nosaka Biedr\u012bbas valde.<\/p>\n<p>4.2. L\u0113mumu par biedra uz\u0146em\u0161anu Biedr\u012bb\u0101 pie\u0146em valde. Valdei pieteic\u0113ja l\u016bgums ir j\u0101izskata tuv\u0101k\u0101s s\u0113des laik\u0101, ta\u010du ne ilg\u0101k k\u0101 divu ned\u0113\u013cu laik\u0101 no visu nepiecie\u0161amo dokumentu sa\u0146em\u0161anas br\u012b\u017ea. Valdei motiv\u0113ts l\u0113mums rakstveid\u0101 j\u0101pazi\u0146o pieteic\u0113jam ned\u0113\u013cas laik\u0101 no t\u0101 pie\u0146em\u0161anas br\u012b\u017ea.<\/p>\n<p>4.3. Valdes noraido\u0161o l\u0113mumu pieteic\u0113js rakstveid\u0101 var p\u0101rs\u016bdz\u0113t biedru kopsapulcei. Ja ar\u012b biedru kopsapulce noraida pieteic\u0113ja l\u016bgumu, pieteic\u0113js nav uz\u0146emts par Biedr\u012bbas biedru, un vi\u0146\u0161 var iesniegt atk\u0101rtotu pieteikumu ne \u0101tr\u0101k k\u0101 p\u0113c gada termi\u0146a izbeig\u0161an\u0101s.<\/p>\n<p>4.4. Biedrs var jebkur\u0101 laik\u0101 izst\u0101ties no Biedr\u012bbas rakstveid\u0101 pazi\u0146ojot par to valdei;<\/p>\n<p>4.5. Biedru var izsl\u0113gt no Biedr\u012bbas ar valdes l\u0113mumu, ja:<\/p>\n<p>4.5.1. biedrs vair\u0101k k\u0101 3 m\u0113ne\u0161us nav nomaks\u0101jis biedra naudu;<\/p>\n<p>4.5.2. biedrs nepilda kopsapulces un valdes l\u0113mumus;<\/p>\n<p>4.5.3. biedrs nepilda savus pien\u0101kumus un uz\u0146emt\u0101s saist\u012bbas;<\/p>\n<p>4.5.4. Biedra personisk\u0101 vai saimniecisk\u0101 darb\u012bba ir pretstat\u0101 ar Biedr\u012bbas m\u0113r\u0137iem vai t\u0101 boj\u0101 Biedr\u012bbas t\u0113lu.<\/p>\n<p>4.6. Jaut\u0101jumu par Biedr\u012bbas biedra izsl\u0113g\u0161anu valde izskata tuv\u0101k\u0101s s\u0113des Valdei l\u0113mums par biedra izsl\u0113g\u0161anu no biedr\u012bbas un \u0161\u0101 l\u0113muma motiv\u0101cija j\u0101pazi\u0146o rakstveid\u0101 izsl\u0113dzamajam biedram piecu dienu laik\u0101 no t\u0101 pie\u0146em\u0161anas br\u012b\u017ea.<\/p>\n<ol start=\"5\">\n<li><strong> Biedru ties\u012bbas un pien\u0101kumi<\/strong><\/li>\n<\/ol>\n<p>5.1. Biedr\u012bbas biedriem ir \u0161\u0101das ties\u012bbas:<\/p>\n<p>5.1.1. piedal\u012bties Biedr\u012bbas p\u0101rvald\u0113,<\/p>\n<p>5.1.2. sa\u0146emt inform\u0101ciju par Biedr\u012bbas darb\u012bbu, tai skait\u0101 iepaz\u012bties ar visu Biedr\u012bbas instit\u016bciju protokoliem, l\u0113mumiem un r\u012bkojumiem,<\/p>\n<p>5.1.3. piedal\u012bties visos Biedr\u012bbas organiz\u0113tajos pas\u0101kumos, iesniegt priek\u0161likumus par Biedr\u012bbas darb\u012bbu un t\u0101s uzlabo\u0161anu, aizst\u0101v\u0113t savu viedokli.<\/p>\n<p>5.2. Biedr\u012bbas biedru pien\u0101kumi:<\/p>\n<p>5.2.1. iev\u0113rot Biedr\u012bbas stat\u016btus un pild\u012bt biedru sapulces un valdes l\u0113mumus<\/p>\n<p>5.2.2. regul\u0101ri maks\u0101t biedra naudu,<\/p>\n<p>5.2.3. ar savu akt\u012bvu l\u012bdzdarb\u012bbu atbalst\u012bt Biedr\u012bbas m\u0113r\u0137a un uzdevumu realiz\u0113\u0161anu.<\/p>\n<p>5.3. Saist\u012bbas biedram var noteikt ar biedru sapulces vai valdes l\u0113mumu. Nosakot biedram saist\u012bbas, kas at\u0161\u0137iras no citu biedru saist\u012bb\u0101m, ir nepiecie\u0161ama \u0161\u0101 biedra piekri\u0161ana.<\/p>\n<ol start=\"6\">\n<li><strong> Biedr\u012bbas strukt\u016brvien\u012bbas<\/strong><\/li>\n<\/ol>\n<p>6.1. Ar biedru sapulces l\u0113mumu var tikt izveidotas Biedr\u012bbas teritori\u0101l\u0101s un citas strukt\u016brvien\u012bbas;<\/p>\n<p>6.2. Strukt\u016brvien\u012bbas darb\u012bbu, ties\u012bbas un pien\u0101kumus, k\u0101 ar\u012b attiec\u012bbas ar Biedr\u012bbu regul\u0113 strukt\u016brvien\u012bbas nolikums, ko apstiprina Biedr\u012bbas biedru sapulce.<\/p>\n<ol start=\"7\">\n<li><strong> Biedru sapulces sasauk\u0161ana un l\u0113mumu pie\u0146em\u0161ana<\/strong><\/li>\n<\/ol>\n<p>7.1. Biedru sapulce ir augst\u0101k\u0101 Biedr\u012bbas l\u0113m\u0113jinstit\u016bcija.<\/p>\n<p>7.2. Biedru sapulc\u0113 ir ties\u012bgi piedal\u012bties visi Biedr\u012bbas biedri. Biedri var piedal\u012bties biedru sapulc\u0113 tikai person\u012bgi.<\/p>\n<p>7.3. K\u0101rt\u0113j\u0101 biedru sapulce tiek sasaukta vienu reizi gad\u0101 .<\/p>\n<p>7.4. \u0100rk\u0101rtas biedru sapulce var tikt sasaukta p\u0113c valdes iniciat\u012bvas, vai ja to rakstveid\u0101 pieprasa ne maz\u0101k k\u0101 viena desmit\u0101 da\u013ca Biedr\u012bbas biedru, nor\u0101dot sasauk\u0161anas iemeslu.<\/p>\n<p>7.5. Biedru sapulce tiek sasaukta, ne v\u0113l\u0101k k\u0101 divas ned\u0113\u013cas pirms sapulces nos\u016btot katram biedram rakstisku uzaicin\u0101jumu.<\/p>\n<p>7.6. Biedru sapulce ir lemtties\u012bga, ja taj\u0101 piedal\u0101s vair\u0101k k\u0101 puse no biedriem.<\/p>\n<p>7.7. Ja biedru sapulce nav lemtties\u012bga kvoruma tr\u016bkuma d\u0113\u013c, piecu ned\u0113\u013cu laik\u0101 tiek sasaukta atk\u0101rtota biedru sapulce, kas ir ties\u012bga pie\u0146emt l\u0113mumus neatkar\u012bgi no kl\u0101teso\u0161o\u00a0 biedru skaita, ar nosac\u012bjumu, ka taj\u0101 piedal\u0101s vismaz divi biedri<\/p>\n<p>7.8. Biedru sapulces l\u0113mums ir pie\u0146emts, ja par to nobalso vair\u0101k nek\u0101 puse no kl\u0101teso\u0161ajiem biedriem.\u00a0 L\u0113mums par stat\u016btu groz\u012bjumiem, Biedr\u012bbas darb\u012bbas izbeig\u0161anu un turpin\u0101\u0161anu ir pie\u0146emts, ja par to nobalso vair\u0101k k\u0101 divas tre\u0161da\u013cas no kl\u0101teso\u0161ajiem biedriem.<\/p>\n<ol start=\"8\">\n<li><strong> Izpildinstit\u016bcija<\/strong><\/li>\n<\/ol>\n<p>8.1. Biedr\u012bbas izpildinstit\u016bcija ir valde, kas sast\u0101v viena valdes locek\u013ca.<\/p>\n<p>8.2. Valde ir ties\u012bga izlemt visus jaut\u0101jumus, kas nav ekskluz\u012bv\u0101 biedru sapulces kompetenc\u0113.<\/p>\n<p>8.3. Valdes loceklis ir ties\u012bgs p\u0101rst\u0101v\u0113t Biedr\u012bbu katrs atsevi\u0161\u0137i<\/p>\n<p>8.4. Valdes loceklis pilda savus pien\u0101kumus bez atl\u012bdz\u012bbas.<\/p>\n<p>8.5. Valdes loceklis var pras\u012bt t\u0101du izdevumu seg\u0161anu, kuri radu\u0161ies vi\u0146a pien\u0101kumu izpildes gait\u0101.<\/p>\n<ol start=\"9\">\n<li><strong> Revidents<\/strong><\/li>\n<\/ol>\n<p>9.1. Biedr\u012bbas finansi\u0101l\u0101s un saimniecisk\u0101s darb\u012bbas kontroli veic revidents, kuru iev\u0113l valde uz vienu gadu.<\/p>\n<p>9.2. Biedr\u012bbas revidents nevar b\u016bt Biedr\u012bbas valdes loceklis.<\/p>\n<p>9.3. Revidents:<\/p>\n<p>9.3.1. veic Biedr\u012bbas mantas un finan\u0161u l\u012bdzek\u013cu rev\u012bziju;<\/p>\n<p>9.3.2. dod atzinumu par Biedr\u012bbas bud\u017eetu un gada p\u0101rskatu;<\/p>\n<p>9.3.3. izv\u0113rt\u0113 Biedr\u012bbas gr\u0101matved\u012bbas un lietved\u012bbas darbu;<\/p>\n<p>9.3.4. sniedz ieteikumus par Biedr\u012bbas finan\u0161u un saimniecisk\u0101s darb\u012bbas uzlabo\u0161anu;<\/p>\n<p>9.4. Revidents veic rev\u012bziju valdes noteiktajos termi\u0146os, ta\u010du ne ret\u0101k k\u0101 reizi gad\u0101.<\/p>\n<p>9.5. Biedru sapulce apstiprina Biedr\u012bbas gada p\u0101rskatu tikai p\u0113c Revidenta atzinuma sa\u0146em\u0161anas.<\/p>\n<p>&nbsp;<\/p>\n<p>Stat\u016bti apstiprin\u0101ti R\u012bg\u0101<em>,<\/em> 2014.gada 5. septembr\u012b<\/p>\n<p>&nbsp;<\/p>\n","protected":false},"excerpt":{"rendered":"<p>Biedr\u012bbas Nebanku Finan\u0161u Pakalpojumu Sniedz\u0113ju Asoci\u0101cija STAT\u016aTI Biedr\u012bbas nosaukums Biedr\u012bbas nosaukums ir Nebanku Finan\u0161u Pakalpojumu Sniedz\u0113ju Asoci\u0101cija (turpm\u0101k &#8211; Biedr\u012bba). Biedr\u012bbas nosaukuma sa\u012bsin\u0101jums ir \u201eNFPSA\u201d. Biedr\u012bbas m\u0113r\u0137i 2.1.\u00a0 Biedr\u012bbas m\u0113r\u0137i ir: 2.1.1. Veicin\u0101t sekm\u012bgu val\u016btas mai\u0146as un citu nebanku finan\u0161u pakalpojumu tirgus att\u012bst\u012bbu Latvij\u0101; 2.1.2. Sekm\u0113t Latvijas val\u016btas mai\u0146as un citu nebanku finan\u0161u pakalpojumu tirg\u016b [&hellip;]<\/p>\n","protected":false},"author":1,"featured_media":0,"parent":88,"menu_order":0,"comment_status":"closed","ping_status":"open","template":"","meta":{"_et_pb_use_builder":"","_et_pb_old_content":"","_et_gb_content_width":""},"_links":{"self":[{"href":"https:\/\/nfpsa.lv\/index.php?rest_route=\/wp\/v2\/pages\/90"}],"collection":[{"href":"https:\/\/nfpsa.lv\/index.php?rest_route=\/wp\/v2\/pages"}],"about":[{"href":"https:\/\/nfpsa.lv\/index.php?rest_route=\/wp\/v2\/types\/page"}],"author":[{"embeddable":true,"href":"https:\/\/nfpsa.lv\/index.php?rest_route=\/wp\/v2\/users\/1"}],"replies":[{"embeddable":true,"href":"https:\/\/nfpsa.lv\/index.php?rest_route=%2Fwp%2Fv2%2Fcomments&post=90"}],"version-history":[{"count":4,"href":"https:\/\/nfpsa.lv\/index.php?rest_route=\/wp\/v2\/pages\/90\/revisions"}],"predecessor-version":[{"id":135,"href":"https:\/\/nfpsa.lv\/index.php?rest_route=\/wp\/v2\/pages\/90\/revisions\/135"}],"up":[{"embeddable":true,"href":"https:\/\/nfpsa.lv\/index.php?rest_route=\/wp\/v2\/pages\/88"}],"wp:attachment":[{"href":"https:\/\/nfpsa.lv\/index.php?rest_route=%2Fwp%2Fv2%2Fmedia&parent=90"}],"curies":[{"name":"wp","href":"https:\/\/api.w.org\/{rel}","templated":true}]}}