{"id":88,"date":"2014-11-10T13:16:32","date_gmt":"2014-11-10T13:16:32","guid":{"rendered":"https:\/\/www.nfpsa.lv\/?page_id=88"},"modified":"2018-10-15T08:18:30","modified_gmt":"2018-10-15T08:18:30","slug":"par-asociaciju","status":"publish","type":"page","link":"https:\/\/nfpsa.lv\/?page_id=88","title":{"rendered":"Par Asoci\u0101ciju"},"content":{"rendered":"<p>[et_pb_section][et_pb_row][et_pb_column type=&#8221;4_4&#8243;][et_pb_text admin_label=&#8221;Text&#8221; background_layout=&#8221;light&#8221; text_orientation=&#8221;left&#8221;]<\/p>\n<p>Asoci\u0101cijas biedri ir liel\u0101k\u0101s Latvij\u0101 str\u0101d\u0101jo\u0161\u0101s kapit\u0101lsabiedr\u012bbas, kuras sniedz \u0101rvalstu val\u016btu skaidr\u0101s naudas pirk\u0161anas un p\u0101rdo\u0161anas pakalpojumus, kuru darb\u012bbu licenc\u0113 Latvijas Banka un citi nebanku pakalpojumu sniedz\u0113ji.<\/p>\n<p>Asoci\u0101cijas izveides un darb\u012bbas m\u0113r\u0137i ir:<\/p>\n<ul>\n<li>veicin\u0101t sekm\u012bgu val\u016btas mai\u0146as un citu nebanku finan\u0161u pakalpojumu tirgus att\u012bst\u012bbu Latvij\u0101;<\/li>\n<li>sekm\u0113t Latvijas val\u016btas mai\u0146as un citu nebanku finan\u0161u pakalpojumu tirg\u016b eso\u0161o probl\u0113mu m\u0113r\u0137tiec\u012bgu risin\u0101\u0161anu un taisn\u012bgas konkurences nodro\u0161in\u0101\u0161anu;<\/li>\n<li>sadarboties ar atbild\u012bgaj\u0101m valsts instit\u016bcij\u0101m un rosin\u0101t izmai\u0146as nozari ietekm\u0113jo\u0161aj\u0101 normat\u012bvaj\u0101 regul\u0113jum\u0101, kas veicina nebanku finan\u0161u pakalpojumu tirgus sekm\u012bgu att\u012bst\u012bbu valst\u012b;<\/li>\n<li>p\u0101rst\u0101v\u0113t Asoci\u0101cijas biedrus Latvijas un, ja nepiecie\u0161ams, ar\u012b starptautiskaj\u0101s organiz\u0101cij\u0101s, kuras risina Asoci\u0101cijas biedriem aktu\u0101lus jaut\u0101jumus;<\/li>\n<li>veikt ar Asoci\u0101cijas interes\u0113m saist\u012bto jaut\u0101jumu virz\u012b\u0161anu atbilsto\u0161aj\u0101s valsts un nevalstiskaj\u0101s organiz\u0101cij\u0101s;<\/li>\n<li>Asoci\u0101cijas biedru kop\u0113jo projektu gatavo\u0161ana un \u012bsteno\u0161ana, lab\u0101k\u0101s prakses populariz\u0113\u0161ana un jaunu iniciat\u012bvu ievie\u0161ana;<\/li>\n<\/ul>\n<hr \/>\n<p>Members of the Association are the biggest currency exchange offices in Latvia (<em>bureau de change<\/em>), which provide <strong>currency exchange services<\/strong> \u2013 purchase and sale of foreign currency. The members are licenced by the Central Bank of Latvia and they are non-credit institutions.<\/p>\n<p>Main activities and objectives of the Association are:<\/p>\n<ul>\n<li>enhancing succsessful development of currency exchange services and other non-bank financial service market in Latvia;<\/li>\n<li>resolving legislative problems of Latvian currency exchange and other non-bank financial services markets and ensuring fair competition;<\/li>\n<li>cooperation with the responsible state institutions and encouraging changes in the regulatory framework affecting the sector, which contribute to the successful development of the non-bank financial services market in the country;<\/li>\n<li>representing the Association members in Latvia and, if necessary, in international organizations which deal with the issues of the Association members;<\/li>\n<li>promotion of issues related to the Association&#8217;s interests in relevant state and non-governmental organizations;<\/li>\n<li>preparation and implementation of joint projects of Association members, promotion of best practices and implementation of new initiatives;<\/li>\n<\/ul>\n<p>[\/et_pb_text][\/et_pb_column][\/et_pb_row][et_pb_row][et_pb_column type=&#8221;1_2&#8243;][et_pb_cta admin_label=&#8221;Call To Action&#8221; title=&#8221;Asoci\u0101cijas Stat\u016bti \u0161eit:&#8221; button_url=&#8221;https:\/\/www.nfpsa.lv\/?page_id=90&#8243; button_text=&#8221;Turpin\u0101t&#8221; use_background_color=&#8221;on&#8221; background_color=&#8221;#dd6a6a&#8221; background_layout=&#8221;dark&#8221; text_orientation=&#8221;center&#8221; \/][\/et_pb_column][et_pb_column type=&#8221;1_2&#8243;][et_pb_cta admin_label=&#8221;Call To Action&#8221; title=&#8221;Asoci\u0101cijas biedri | Members of the Association&#8221; button_url=&#8221;https:\/\/www.nfpsa.lv\/?page_id=92&#8243; button_text=&#8221;Turpin\u0101t&#8221; use_background_color=&#8221;on&#8221; background_color=&#8221;#dd6a6a&#8221; background_layout=&#8221;dark&#8221; text_orientation=&#8221;center&#8221; \/][\/et_pb_column][\/et_pb_row][\/et_pb_section]<\/p>\n","protected":false},"excerpt":{"rendered":"<p><div class=\"et_pb_section et_pb_section_0 et_section_regular\" >\n\t\t\t\t\n\t\t\t\t\n\t\t\t\t\n\t\t\t\t\n\t\t\t\t\t\n\t\t\t\t\n\t\t\t\t\n\t\t\t<\/div><div class=\"et_pb_row et_pb_row_0 et_pb_row_empty\">\n\t\t\t\t\n\t\t\t\t\n\t\t\t\t\n\t\t\t<\/div> Asoci\u0101cijas biedri ir liel\u0101k\u0101s Latvij\u0101 str\u0101d\u0101jo\u0161\u0101s kapit\u0101lsabiedr\u012bbas, kuras sniedz \u0101rvalstu val\u016btu skaidr\u0101s naudas pirk\u0161anas un p\u0101rdo\u0161anas pakalpojumus, kuru darb\u012bbu licenc\u0113 Latvijas Banka un citi nebanku pakalpojumu sniedz\u0113ji. Asoci\u0101cijas izveides un darb\u012bbas m\u0113r\u0137i ir: veicin\u0101t sekm\u012bgu val\u016btas mai\u0146as un citu nebanku finan\u0161u pakalpojumu tirgus att\u012bst\u012bbu Latvij\u0101; sekm\u0113t Latvijas val\u016btas mai\u0146as un citu nebanku finan\u0161u pakalpojumu [&hellip;]<\/p>\n","protected":false},"author":1,"featured_media":0,"parent":0,"menu_order":1,"comment_status":"closed","ping_status":"open","template":"","meta":{"_et_pb_use_builder":"on","_et_pb_old_content":"<p>Asoci\u0101cijas biedri ir liel\u0101k\u0101s Latvij\u0101 str\u0101d\u0101jo\u0161\u0101s kapit\u0101lsabiedr\u012bbas, kuras sniedz \u0101rvalstu val\u016btu skaidr\u0101s naudas pirk\u0161anas un p\u0101rdo\u0161anas pakalpojumus, kuru darb\u012bbu licenc\u0113 Latvijas Banka un citi nebanku pakalpojumu sniedz\u0113ji.<\/p><p>Asoci\u0101cijas izveides un darb\u012bbas m\u0113r\u0137i ir:<\/p><ul><li>veicin\u0101t sekm\u012bgu val\u016btas mai\u0146as un citu nebanku finan\u0161u pakalpojumu tirgus att\u012bst\u012bbu Latvij\u0101;<\/li><li>sekm\u0113t Latvijas val\u016btas mai\u0146as un citu nebanku finan\u0161u pakalpojumu tirg\u016b eso\u0161o probl\u0113mu m\u0113r\u0137tiec\u012bgu risin\u0101\u0161anu un taisn\u012bgas konkurences nodro\u0161in\u0101\u0161anu;<\/li><li>sadarboties ar atbild\u012bgaj\u0101m valsts instit\u016bcij\u0101m un rosin\u0101t izmai\u0146as nozari ietekm\u0113jo\u0161aj\u0101 normat\u012bvaj\u0101 regul\u0113jum\u0101, kas veicina nebanku finan\u0161u pakalpojumu tirgus sekm\u012bgu att\u012bst\u012bbu valst\u012b;<\/li><li>p\u0101rst\u0101v\u0113t Asoci\u0101cijas biedrus Latvijas un, ja nepiecie\u0161ams, ar\u012b starptautiskaj\u0101s organiz\u0101cij\u0101s, kuras risina Asoci\u0101cijas biedriem aktu\u0101lus jaut\u0101jumus;<\/li><li>veikt ar Asoci\u0101cijas interes\u0113m saist\u012bto jaut\u0101jumu virz\u012b\u0161anu atbilsto\u0161aj\u0101s valsts un nevalstiskaj\u0101s organiz\u0101cij\u0101s;<\/li><li>Asoci\u0101cijas biedru kop\u0113jo projektu gatavo\u0161ana un \u012bsteno\u0161ana, lab\u0101k\u0101s prakses populariz\u0113\u0161ana un jaunu iniciat\u012bvu ievie\u0161ana;<\/li><\/ul>","_et_gb_content_width":""},"_links":{"self":[{"href":"https:\/\/nfpsa.lv\/index.php?rest_route=\/wp\/v2\/pages\/88"}],"collection":[{"href":"https:\/\/nfpsa.lv\/index.php?rest_route=\/wp\/v2\/pages"}],"about":[{"href":"https:\/\/nfpsa.lv\/index.php?rest_route=\/wp\/v2\/types\/page"}],"author":[{"embeddable":true,"href":"https:\/\/nfpsa.lv\/index.php?rest_route=\/wp\/v2\/users\/1"}],"replies":[{"embeddable":true,"href":"https:\/\/nfpsa.lv\/index.php?rest_route=%2Fwp%2Fv2%2Fcomments&post=88"}],"version-history":[{"count":10,"href":"https:\/\/nfpsa.lv\/index.php?rest_route=\/wp\/v2\/pages\/88\/revisions"}],"predecessor-version":[{"id":280,"href":"https:\/\/nfpsa.lv\/index.php?rest_route=\/wp\/v2\/pages\/88\/revisions\/280"}],"wp:attachment":[{"href":"https:\/\/nfpsa.lv\/index.php?rest_route=%2Fwp%2Fv2%2Fmedia&parent=88"}],"curies":[{"name":"wp","href":"https:\/\/api.w.org\/{rel}","templated":true}]}}