{"id":315,"date":"2020-12-08T13:49:27","date_gmt":"2020-12-08T13:49:27","guid":{"rendered":"https:\/\/nfpsa.lv\/?page_id=315"},"modified":"2020-12-08T13:49:28","modified_gmt":"2020-12-08T13:49:28","slug":"paysera-latvia-sia","status":"publish","type":"page","link":"https:\/\/nfpsa.lv\/?page_id=315","title":{"rendered":"Paysera Latvia SIA"},"content":{"rendered":"\n<p><strong>Nosakums:<\/strong> Paysera Latvia SIA<\/p>\n\n\n\n<p><strong>Re\u0123.nr.:<\/strong> 40103996450<\/p>\n\n\n\n<p><strong>Dibin\u0101\u0161anas gads:<\/strong>\u00a0 2016. gads<\/p>\n\n\n\n<p><\/p>\n\n\n\n<p><\/p>\n","protected":false},"excerpt":{"rendered":"<p>Nosakums: Paysera Latvia SIA Re\u0123.nr.: 40103996450 Dibin\u0101\u0161anas gads:\u00a0 2016. gads<\/p>\n","protected":false},"author":1,"featured_media":0,"parent":0,"menu_order":0,"comment_status":"closed","ping_status":"closed","template":"","meta":{"_et_pb_use_builder":"","_et_pb_old_content":"","_et_gb_content_width":""},"_links":{"self":[{"href":"https:\/\/nfpsa.lv\/index.php?rest_route=\/wp\/v2\/pages\/315"}],"collection":[{"href":"https:\/\/nfpsa.lv\/index.php?rest_route=\/wp\/v2\/pages"}],"about":[{"href":"https:\/\/nfpsa.lv\/index.php?rest_route=\/wp\/v2\/types\/page"}],"author":[{"embeddable":true,"href":"https:\/\/nfpsa.lv\/index.php?rest_route=\/wp\/v2\/users\/1"}],"replies":[{"embeddable":true,"href":"https:\/\/nfpsa.lv\/index.php?rest_route=%2Fwp%2Fv2%2Fcomments&post=315"}],"version-history":[{"count":1,"href":"https:\/\/nfpsa.lv\/index.php?rest_route=\/wp\/v2\/pages\/315\/revisions"}],"predecessor-version":[{"id":316,"href":"https:\/\/nfpsa.lv\/index.php?rest_route=\/wp\/v2\/pages\/315\/revisions\/316"}],"wp:attachment":[{"href":"https:\/\/nfpsa.lv\/index.php?rest_route=%2Fwp%2Fv2%2Fmedia&parent=315"}],"curies":[{"name":"wp","href":"https:\/\/api.w.org\/{rel}","templated":true}]}}