{"id":100,"date":"2014-11-10T13:22:24","date_gmt":"2014-11-10T13:22:24","guid":{"rendered":"https:\/\/www.nfpsa.lv\/?page_id=100"},"modified":"2015-01-14T11:55:43","modified_gmt":"2015-01-14T11:55:43","slug":"aktualitates","status":"publish","type":"page","link":"https:\/\/nfpsa.lv\/?page_id=100","title":{"rendered":"Aktualit\u0101tes"},"content":{"rendered":"<p>[et_pb_section][et_pb_row][et_pb_column type=&#8221;4_4&#8243;][et_pb_text admin_label=&#8221;Text&#8221; background_layout=&#8221;light&#8221; text_orientation=&#8221;left&#8221;]<\/p>\n<p>Aktu\u0101l\u0101 inform\u0101cija biedriem, tirgus dal\u012bbniekiem, valsts iest\u0101d\u0113m un medijiem.<\/p>\n<p>[\/et_pb_text][et_pb_blog admin_label=&#8221;Blog&#8221; fullwidth=&#8221;off&#8221; posts_number=&#8221;10&#8243; include_categories=&#8221;5&#8243; meta_date=&#8221;M j, Y&#8221; show_thumbnail=&#8221;on&#8221; show_content=&#8221;off&#8221; show_more=&#8221;on&#8221; show_author=&#8221;off&#8221; show_date=&#8221;on&#8221; show_categories=&#8221;off&#8221; show_pagination=&#8221;off&#8221; background_layout=&#8221;light&#8221; \/][\/et_pb_column][\/et_pb_row][\/et_pb_section]<\/p>\n","protected":false},"excerpt":{"rendered":"<p><div class=\"et_pb_section et_pb_section_0 et_section_regular\" >\n\t\t\t\t\n\t\t\t\t\n\t\t\t\t\n\t\t\t\t\n\t\t\t\t\t\n\t\t\t\t\n\t\t\t\t\n\t\t\t<\/div><div class=\"et_pb_row et_pb_row_0 et_pb_row_empty\">\n\t\t\t\t\n\t\t\t\t\n\t\t\t\t\n\t\t\t<\/div> Aktu\u0101l\u0101 inform\u0101cija biedriem, tirgus dal\u012bbniekiem, valsts iest\u0101d\u0113m un medijiem.<\/p>\n","protected":false},"author":1,"featured_media":0,"parent":0,"menu_order":0,"comment_status":"closed","ping_status":"open","template":"","meta":{"_et_pb_use_builder":"on","_et_pb_old_content":"<p>Aktu\u0101l\u0101 inform\u0101cija biedriem, tirgus dal\u012bbniekiem, valsts iest\u0101d\u0113m un m\u0113dijiem.<\/p>","_et_gb_content_width":""},"_links":{"self":[{"href":"https:\/\/nfpsa.lv\/index.php?rest_route=\/wp\/v2\/pages\/100"}],"collection":[{"href":"https:\/\/nfpsa.lv\/index.php?rest_route=\/wp\/v2\/pages"}],"about":[{"href":"https:\/\/nfpsa.lv\/index.php?rest_route=\/wp\/v2\/types\/page"}],"author":[{"embeddable":true,"href":"https:\/\/nfpsa.lv\/index.php?rest_route=\/wp\/v2\/users\/1"}],"replies":[{"embeddable":true,"href":"https:\/\/nfpsa.lv\/index.php?rest_route=%2Fwp%2Fv2%2Fcomments&post=100"}],"version-history":[{"count":8,"href":"https:\/\/nfpsa.lv\/index.php?rest_route=\/wp\/v2\/pages\/100\/revisions"}],"predecessor-version":[{"id":264,"href":"https:\/\/nfpsa.lv\/index.php?rest_route=\/wp\/v2\/pages\/100\/revisions\/264"}],"wp:attachment":[{"href":"https:\/\/nfpsa.lv\/index.php?rest_route=%2Fwp%2Fv2%2Fmedia&parent=100"}],"curies":[{"name":"wp","href":"https:\/\/api.w.org\/{rel}","templated":true}]}}